{"id":11,"date":"2015-11-18T10:13:39","date_gmt":"2015-11-18T10:13:39","guid":{"rendered":"http:\/\/jenni.brichzin.de\/?page_id=11"},"modified":"2018-11-08T08:49:02","modified_gmt":"2018-11-08T08:49:02","slug":"impressum","status":"publish","type":"page","link":"http:\/\/jenni.brichzin.de\/en\/impressum\/","title":{"rendered":"Impressum"},"content":{"rendered":"<p>Jenni Brichzin<\/p>\n<p>LMU M\u00fcnchen<\/p>\n<p>Institut f\u00fcr Soziologie<\/p>\n<p>Konradstr. 6<\/p>\n<p>80801 M\u00fcnchen<\/p>","protected":false},"excerpt":{"rendered":"<p>Jenni Brichzin LMU M\u00fcnchen Institut f\u00fcr Soziologie Konradstr. 6 80801 M\u00fcnchen<\/p>\n","protected":false},"author":1,"featured_media":0,"parent":0,"menu_order":0,"comment_status":"closed","ping_status":"closed","template":"","meta":{"footnotes":""},"jetpack_sharing_enabled":true,"jetpack_shortlink":"https:\/\/wp.me\/P7Eelv-b","_links":{"self":[{"href":"http:\/\/jenni.brichzin.de\/en\/wp-json\/wp\/v2\/pages\/11"}],"collection":[{"href":"http:\/\/jenni.brichzin.de\/en\/wp-json\/wp\/v2\/pages"}],"about":[{"href":"http:\/\/jenni.brichzin.de\/en\/wp-json\/wp\/v2\/types\/page"}],"author":[{"embeddable":true,"href":"http:\/\/jenni.brichzin.de\/en\/wp-json\/wp\/v2\/users\/1"}],"replies":[{"embeddable":true,"href":"http:\/\/jenni.brichzin.de\/en\/wp-json\/wp\/v2\/comments?post=11"}],"version-history":[{"count":8,"href":"http:\/\/jenni.brichzin.de\/en\/wp-json\/wp\/v2\/pages\/11\/revisions"}],"predecessor-version":[{"id":824,"href":"http:\/\/jenni.brichzin.de\/en\/wp-json\/wp\/v2\/pages\/11\/revisions\/824"}],"wp:attachment":[{"href":"http:\/\/jenni.brichzin.de\/en\/wp-json\/wp\/v2\/media?parent=11"}],"curies":[{"name":"wp","href":"https:\/\/api.w.org\/{rel}","templated":true}]}}